{"id":75,"date":"2018-01-08T16:14:41","date_gmt":"2018-01-08T16:14:41","guid":{"rendered":"http:\/\/valorarteconsultoria.com\/web\/?page_id=75"},"modified":"2018-03-19T11:26:37","modified_gmt":"2018-03-19T11:26:37","slug":"glosario","status":"publish","type":"page","link":"http:\/\/valorarteconsultoria.com\/web\/glosario\/","title":{"rendered":"Glosario"},"content":{"rendered":"<p>[et_pb_section bb_built=\u00bb1&#8243;][et_pb_row][et_pb_column type=\u00bb1_2&#8243;][et_pb_text _builder_version=\u00bb3.0.89&#8243; background_layout=\u00bblight\u00bb]<\/p>\n<ul>\n<li><strong>Ebitda<\/strong> (Earnings Before Interest Taxes Depreciation and Amortization)<br \/>\nCorresponde a las iniciales en Ingl\u00e9s utilidad operativa antes de intereses, impuestos, depreciaciones y amortizaciones. Es la utilidad que se convierte en caja para atender los cinco compromisos del flujo de caja de toda empresa.<\/li>\n<li><strong>PKT<br \/>\n<\/strong>Productividad del Capital del Trabajo, representa los centavos que por casa peso de ventas deben mantenerse en capital de trabajo neto operativo (KTNO)<\/li>\n<li><strong>KTNO<br \/>\n<\/strong>Capital de Trabajo Neto Operativo y est\u00e1 compuesto por las cuentas por cobrar comerciales m\u00e1s inventarios menos cuentas por pagar de proveedores y servicios<\/li>\n<\/ul>\n<p>[\/et_pb_text][\/et_pb_column][et_pb_column type=\u00bb1_2&#8243;][et_pb_text _builder_version=\u00bb3.0.89&#8243; background_layout=\u00bblight\u00bb]<\/p>\n<ul>\n<li><strong>FCL<\/strong><br \/>\nFlujo de Caja Libre es el valor disponible para atender el servicio de la deuda de los acreedores financieros y los dividendos de los accionistas.<\/li>\n<li><strong>EVA<\/strong> (Economic Value Added)<br \/>\nValor Econ\u00f3mico Agregado, es la diferencia entre la utilidad operativa despu\u00e9s de impuestos de una empresa y la m\u00ednima que deber\u00eda obtener. Considerado un indicador de corto plazo.<\/li>\n<li><strong>MVA<\/strong> (Market Value Added)<br \/>\nValor de Mercado Agregado, es la diferencia entre el valor de las operaciones y el capital empleado, o activos netos de operaci\u00f3n.<\/li>\n<\/ul>\n<p>[\/et_pb_text][\/et_pb_column][\/et_pb_row][\/et_pb_section]<\/p>\n","protected":false},"excerpt":{"rendered":"<p>[et_pb_section bb_built=\u00bb1&#8243;][et_pb_row][et_pb_column type=\u00bb1_2&#8243;][et_pb_text _builder_version=\u00bb3.0.89&#8243; background_layout=\u00bblight\u00bb] Ebitda (Earnings Before Interest Taxes Depreciation and Amortization) Corresponde a las iniciales en Ingl\u00e9s utilidad operativa antes de intereses, impuestos, depreciaciones y amortizaciones. Es la utilidad que se convierte en caja para atender los cinco compromisos del flujo de caja de toda empresa. PKT Productividad del Capital del Trabajo, representa [&hellip;]<\/p>\n","protected":false},"author":1,"featured_media":0,"parent":0,"menu_order":0,"comment_status":"closed","ping_status":"closed","template":"","meta":{"_et_pb_use_builder":"on","_et_pb_old_content":"","_et_gb_content_width":""},"_links":{"self":[{"href":"http:\/\/valorarteconsultoria.com\/web\/wp-json\/wp\/v2\/pages\/75"}],"collection":[{"href":"http:\/\/valorarteconsultoria.com\/web\/wp-json\/wp\/v2\/pages"}],"about":[{"href":"http:\/\/valorarteconsultoria.com\/web\/wp-json\/wp\/v2\/types\/page"}],"author":[{"embeddable":true,"href":"http:\/\/valorarteconsultoria.com\/web\/wp-json\/wp\/v2\/users\/1"}],"replies":[{"embeddable":true,"href":"http:\/\/valorarteconsultoria.com\/web\/wp-json\/wp\/v2\/comments?post=75"}],"version-history":[{"count":3,"href":"http:\/\/valorarteconsultoria.com\/web\/wp-json\/wp\/v2\/pages\/75\/revisions"}],"predecessor-version":[{"id":208,"href":"http:\/\/valorarteconsultoria.com\/web\/wp-json\/wp\/v2\/pages\/75\/revisions\/208"}],"wp:attachment":[{"href":"http:\/\/valorarteconsultoria.com\/web\/wp-json\/wp\/v2\/media?parent=75"}],"curies":[{"name":"wp","href":"https:\/\/api.w.org\/{rel}","templated":true}]}}