{"id":51,"date":"2018-01-08T15:07:06","date_gmt":"2018-01-08T15:07:06","guid":{"rendered":"http:\/\/valorarteconsultoria.com\/web\/?page_id=51"},"modified":"2018-01-09T14:06:06","modified_gmt":"2018-01-09T14:06:06","slug":"productos-y-servicios","status":"publish","type":"page","link":"http:\/\/valorarteconsultoria.com\/web\/productos-y-servicios\/","title":{"rendered":"Productos y Servicios"},"content":{"rendered":"<p>[et_pb_section bb_built=\u00bb1&#8243; _builder_version=\u00bb3.0.47&#8243;][et_pb_row _builder_version=\u00bb3.0.47&#8243; background_size=\u00bbinitial\u00bb background_position=\u00bbtop_left\u00bb background_repeat=\u00bbrepeat\u00bb][et_pb_column type=\u00bb2_3&#8243;][et_pb_text _builder_version=\u00bb3.0.89&#8243;]<\/p>\n<h2>Acompa\u00f1amiento financiero, legal y tributario<\/h2>\n<p style=\"text-align: justify;\">A empresarios, gerentes y juntas directivas de peque\u00f1as y medianas compa\u00f1\u00edas, incluyendo las de familia, que quieran migrar hacia la <a href=\"http:\/\/valorarteconsultoria.com\/web\/que-es-gerencia-de-valor\/\"><u>Gerencia de Valor<\/u> (GDV)<\/a>.<\/p>\n<p>[\/et_pb_text][\/et_pb_column][et_pb_column type=\u00bb1_3&#8243;][et_pb_text _builder_version=\u00bb3.0.89&#8243; text_font_size=\u00bb17px\u00bb text_text_color=\u00bb#e02b20&#8243; background_layout=\u00bblight\u00bb]<\/p>\n<p style=\"text-align: justify;\">Ideal para empresas que no pueden tener un <strong>gerente financiero de planta<\/strong>, por su alto costo.<\/p>\n<p>[\/et_pb_text][\/et_pb_column][\/et_pb_row][et_pb_row _builder_version=\u00bb3.0.47&#8243; background_size=\u00bbinitial\u00bb background_position=\u00bbtop_left\u00bb background_repeat=\u00bbrepeat\u00bb][et_pb_column type=\u00bb4_4&#8243;][et_pb_divider color=\u00bb#dbdbdb\u00bb show_divider=\u00bbon\u00bb _builder_version=\u00bb3.0.89&#8243;]<\/p>\n<p>&nbsp;<\/p>\n<p>[\/et_pb_divider][\/et_pb_column][\/et_pb_row][et_pb_row _builder_version=\u00bb3.0.47&#8243; background_size=\u00bbinitial\u00bb background_position=\u00bbtop_left\u00bb background_repeat=\u00bbrepeat\u00bb][et_pb_column type=\u00bb2_3&#8243;][et_pb_text _builder_version=\u00bb3.0.89&#8243;]<\/p>\n<h2>Evaluaci\u00f3n de proyectos de inversi\u00f3n<\/h2>\n<p style=\"text-align: justify;\">Permite mostrar de una manera t\u00e9cnica si la inversi\u00f3n que se piensa hacer, frente a otras alternativas de inversi\u00f3n, es mejor y su rentabilidad es mayor que el costo de capital que se est\u00e1 evaluando.<\/p>\n<p>[\/et_pb_text][\/et_pb_column][et_pb_column type=\u00bb1_3&#8243;][et_pb_text _builder_version=\u00bb3.0.89&#8243; text_font_size=\u00bb17px\u00bb text_text_color=\u00bb#e02b20&#8243; background_layout=\u00bblight\u00bb]<\/p>\n<p style=\"text-align: justify;\">Ideal para empresas que quieran <strong>crecer o diversificar<\/strong> sus negocios.<\/p>\n<p>[\/et_pb_text][\/et_pb_column][\/et_pb_row][et_pb_row _builder_version=\u00bb3.0.47&#8243; background_size=\u00bbinitial\u00bb background_position=\u00bbtop_left\u00bb background_repeat=\u00bbrepeat\u00bb][et_pb_column type=\u00bb4_4&#8243;][et_pb_divider color=\u00bb#dbdbdb\u00bb show_divider=\u00bbon\u00bb _builder_version=\u00bb3.0.89&#8243;]<\/p>\n<p>&nbsp;<\/p>\n<p>[\/et_pb_divider][\/et_pb_column][\/et_pb_row][et_pb_row _builder_version=\u00bb3.0.47&#8243; background_size=\u00bbinitial\u00bb background_position=\u00bbtop_left\u00bb background_repeat=\u00bbrepeat\u00bb][et_pb_column type=\u00bb2_3&#8243;][et_pb_text _builder_version=\u00bb3.0.89&#8243;]<\/p>\n<h2>Elaboraci\u00f3n de presupuestos<\/h2>\n<p style=\"text-align: justify;\">Es un modelo de gesti\u00f3n hecho a la medida de cada compa\u00f1\u00eda, que se convierte en una herramienta muy valiosa y se utiliza para ir midiendo los resultados actuales Vs. presupuestados y Vs. el a\u00f1o anterior (Ap), pero sobre todo para\u00a0 evaluar el futuro, a trav\u00e9s del llamado mejor estimado (ME), y poder determinar con anticipaci\u00f3n, si se va a cumplir con los objetivos trazados. Contiene inductores de valor e indicadores de gesti\u00f3n, enfocados hacia la Gerencia de Valor (GDV). Permite a los contadores, tesoreros, gerentes de planeaci\u00f3n financiera y revisores fiscales, aprender a analizar resultados de una manera m\u00e1s t\u00e9cnica y enfocada a la estrategia, soportando a la gerencia en el d\u00eda a d\u00eda, convirtiendo esta actividad en una disciplina, a trav\u00e9s de reuniones y comit\u00e9s mensuales. Este presupuesto es parte fundamental del acompa\u00f1amiento, si se quiere.<\/p>\n<p>[\/et_pb_text][\/et_pb_column][et_pb_column type=\u00bb1_3&#8243;][et_pb_text _builder_version=\u00bb3.0.89&#8243; text_font_size=\u00bb17px\u00bb text_text_color=\u00bb#e02b20&#8243; background_layout=\u00bblight\u00bb]<\/p>\n<p style=\"text-align: justify;\">Ideal para todas las empresas que no lo tengan, o que teniendo ya la herramienta, quieran complementarla hasta <strong>volver esta actividad en un disciplina<\/strong>, la misma que utilizan las grandes compa\u00f1\u00edas, en especial multinacionales.<\/p>\n<p>[\/et_pb_text][\/et_pb_column][\/et_pb_row][et_pb_row _builder_version=\u00bb3.0.47&#8243; background_size=\u00bbinitial\u00bb background_position=\u00bbtop_left\u00bb background_repeat=\u00bbrepeat\u00bb][et_pb_column type=\u00bb4_4&#8243;][et_pb_divider color=\u00bb#dbdbdb\u00bb show_divider=\u00bbon\u00bb _builder_version=\u00bb3.0.89&#8243;]<\/p>\n<p>&nbsp;<\/p>\n<p>[\/et_pb_divider][\/et_pb_column][\/et_pb_row][et_pb_row _builder_version=\u00bb3.0.47&#8243; background_size=\u00bbinitial\u00bb background_position=\u00bbtop_left\u00bb background_repeat=\u00bbrepeat\u00bb][et_pb_column type=\u00bb2_3&#8243;][et_pb_text _builder_version=\u00bb3.0.89&#8243; background_layout=\u00bblight\u00bb]<\/p>\n<h2>Diagn\u00f3stico financiero y estrat\u00e9gico<\/h2>\n<p>A trav\u00e9s de los estados financieros hist\u00f3ricos y del an\u00e1lisis de su plan de desarrollo o estrat\u00e9gico, se puede determinar de una manera t\u00e9cnica, si la compa\u00f1\u00eda agrego valor para sus propietarios en esos a\u00f1os, y en caso contrario, habr\u00e1n quedado las bases para corregirlo a futuro.\u00a0 Este estudio tambi\u00e9n nos determinara la viabilidad y sostenibilidad de la compa\u00f1\u00eda a futuro, a trav\u00e9s de la identificaci\u00f3n de eventuales oportunidades de reestructuraci\u00f3n, con el fin de mejorar su valor.<\/p>\n<p>[\/et_pb_text][\/et_pb_column][et_pb_column type=\u00bb1_3&#8243;][et_pb_text _builder_version=\u00bb3.0.89&#8243; text_font_size=\u00bb17px\u00bb text_text_color=\u00bb#e02b20&#8243; background_layout=\u00bblight\u00bb]<\/p>\n<p>Ideal para todas las empresas que quieran saber de una manera t\u00e9cnica como lo han hecho en el pasado con respecto a <strong>crear valor para sus propietarios<\/strong> y que se puede corregir a futuro.<\/p>\n<p>[\/et_pb_text][\/et_pb_column][\/et_pb_row][et_pb_row _builder_version=\u00bb3.0.47&#8243; background_size=\u00bbinitial\u00bb background_position=\u00bbtop_left\u00bb background_repeat=\u00bbrepeat\u00bb][et_pb_column type=\u00bb4_4&#8243;][et_pb_divider color=\u00bb#dbdbdb\u00bb show_divider=\u00bbon\u00bb _builder_version=\u00bb3.0.89&#8243;]<\/p>\n<p>&nbsp;<\/p>\n<p>[\/et_pb_divider][\/et_pb_column][\/et_pb_row][et_pb_row _builder_version=\u00bb3.0.47&#8243; background_size=\u00bbinitial\u00bb background_position=\u00bbtop_left\u00bb background_repeat=\u00bbrepeat\u00bb][et_pb_column type=\u00bb2_3&#8243;][et_pb_text _builder_version=\u00bb3.0.89&#8243; background_layout=\u00bblight\u00bb]<\/p>\n<h2>Valoraci\u00f3n de empresas<\/h2>\n<p>Se determina a trav\u00e9s de un modelo que permitir\u00e1 determinar el efecto que decisiones futuras pueden tener sobre el valor de la empresa. Herramientas como EVA &#8211; por sus siglas en ingles\u00a0 Economic Valued Added, para evaluar la rentabilidad a corto plazo, y MVA \u2013 por sus siglas en ingl\u00e9s Market Value Added, para el largo plazo, exigen tener la empresa valorada.<\/p>\n<p>EVA <a href=\"http:\/\/www.sternstewart.com\/?content=proprietary&amp;p=eva\">http:\/\/www.sternstewart.com\/?content=proprietary&amp;p=eva<\/a> y MVA <a href=\"http:\/\/www.sternstewart.com\/?content=proprietary&amp;p=mva\">http:\/\/www.sternstewart.com\/?content=proprietary&amp;p=mva<\/a> son marcas registradas de la consultora Stern &amp; Stewart \u2026 <a href=\"http:\/\/www.sternstewart.com\/\">http:\/\/www.sternstewart.com\/<\/a><\/p>\n<p>[\/et_pb_text][\/et_pb_column][et_pb_column type=\u00bb1_3&#8243;][et_pb_text _builder_version=\u00bb3.0.89&#8243; text_font_size=\u00bb17px\u00bb text_text_color=\u00bb#e02b20&#8243; background_layout=\u00bblight\u00bb]<\/p>\n<p>Ideal para todos los empresarios y gerentes que quieran saber cu\u00e1nto vale su compa\u00f1\u00eda en la actualidad y lo que se espera de ella en los pr\u00f3ximos a\u00f1os, aun cuando no se tenga en mente venderla o fusionarla. As\u00ed mismo, ideal para aquellas compa\u00f1\u00edas que est\u00e9n buscando capitalizarse o fusionarse, venderse o bien escindir alguna de sus divisiones.<\/p>\n<p>[\/et_pb_text][\/et_pb_column][\/et_pb_row][et_pb_row _builder_version=\u00bb3.0.47&#8243; background_size=\u00bbinitial\u00bb background_position=\u00bbtop_left\u00bb background_repeat=\u00bbrepeat\u00bb][et_pb_column type=\u00bb4_4&#8243;][et_pb_divider color=\u00bb#dbdbdb\u00bb show_divider=\u00bbon\u00bb _builder_version=\u00bb3.0.89&#8243;]<\/p>\n<p>&nbsp;<\/p>\n<p>[\/et_pb_divider][\/et_pb_column][\/et_pb_row][et_pb_row _builder_version=\u00bb3.0.47&#8243; background_size=\u00bbinitial\u00bb background_position=\u00bbtop_left\u00bb background_repeat=\u00bbrepeat\u00bb][et_pb_column type=\u00bb2_3&#8243;][et_pb_text _builder_version=\u00bb3.0.89&#8243; background_layout=\u00bblight\u00bb]<\/p>\n<h2>Acompa\u00f1amiento en venta de compa\u00f1\u00edas, fusiones o adquisiciones o traspaso de acciones o cuotas sociales<\/h2>\n<p>Comprende desde la b\u00fasqueda del cliente o grupo apropiado, pasando por el \u201cdue dillegence\u201d, la contrataci\u00f3n legal y jur\u00eddica, hasta el esquema tributario optimo, para racionalizar los impuestos.<\/p>\n<p>[\/et_pb_text][\/et_pb_column][et_pb_column type=\u00bb1_3&#8243;][et_pb_text _builder_version=\u00bb3.0.89&#8243; text_font_size=\u00bb17px\u00bb text_text_color=\u00bb#e02b20&#8243; background_layout=\u00bblight\u00bb]<\/p>\n<p>Ideal para todos los empresarios y gerentes que quieran saber cu\u00e1nto vale su compa\u00f1\u00eda en la actualidad y lo que se espera de ella en los pr\u00f3ximos a\u00f1os, aun cuando no se tenga en mente venderla o fusionarla. As\u00ed mismo, ideal para aquellas compa\u00f1\u00edas que est\u00e9n buscando capitalizarse o fusionarse, venderse o bien escindir alguna de sus divisiones.<\/p>\n<p>[\/et_pb_text][\/et_pb_column][\/et_pb_row][et_pb_row _builder_version=\u00bb3.0.47&#8243; background_size=\u00bbinitial\u00bb background_position=\u00bbtop_left\u00bb background_repeat=\u00bbrepeat\u00bb][et_pb_column type=\u00bb4_4&#8243;][et_pb_divider color=\u00bb#dbdbdb\u00bb show_divider=\u00bbon\u00bb _builder_version=\u00bb3.0.89&#8243;]<\/p>\n<p>&nbsp;<\/p>\n<p>[\/et_pb_divider][\/et_pb_column][\/et_pb_row][et_pb_row _builder_version=\u00bb3.0.47&#8243; background_size=\u00bbinitial\u00bb background_position=\u00bbtop_left\u00bb background_repeat=\u00bbrepeat\u00bb][et_pb_column type=\u00bb2_3&#8243;][et_pb_text _builder_version=\u00bb3.0.89&#8243; background_layout=\u00bblight\u00bb]<\/p>\n<h2>Implementaci\u00f3n de modelos de creaci\u00f3n de valor<\/h2>\n<p>A trav\u00e9s de herramientas financieras que asocie medidas de corto plazo, como la rentabilidad marginal y el incremento del EVA (Economic Valued Added) y medidas de largo plazo, como el incremento del MVA (Market Value Added) \u00f3 valor de mercado agregado, que puedan evaluar para sus propietarios las decisiones tomadas en determinados periodos.<\/p>\n<p>[\/et_pb_text][\/et_pb_column][et_pb_column type=\u00bb1_3&#8243;][et_pb_text _builder_version=\u00bb3.0.89&#8243; text_font_size=\u00bb17px\u00bb text_text_color=\u00bb#e02b20&#8243; background_layout=\u00bblight\u00bb]<\/p>\n<p>Ideal para empresarios o compa\u00f1\u00edas que ya est\u00e9n valoradas y que quieran implementar estos indicadores para medir la gesti\u00f3n de empresa ante sus accionistas y empleados.<\/p>\n<p>[\/et_pb_text][\/et_pb_column][\/et_pb_row][et_pb_row _builder_version=\u00bb3.0.47&#8243; background_size=\u00bbinitial\u00bb background_position=\u00bbtop_left\u00bb background_repeat=\u00bbrepeat\u00bb][et_pb_column type=\u00bb4_4&#8243;][et_pb_divider color=\u00bb#dbdbdb\u00bb show_divider=\u00bbon\u00bb _builder_version=\u00bb3.0.89&#8243;]<\/p>\n<p>&nbsp;<\/p>\n<p>[\/et_pb_divider][\/et_pb_column][\/et_pb_row][et_pb_row _builder_version=\u00bb3.0.47&#8243; background_size=\u00bbinitial\u00bb background_position=\u00bbtop_left\u00bb background_repeat=\u00bbrepeat\u00bb][et_pb_column type=\u00bb2_3&#8243;][et_pb_text _builder_version=\u00bb3.0.89&#8243; background_layout=\u00bblight\u00bb]<\/p>\n<h2>Sistemas de creaci\u00f3n de valor<\/h2>\n<p>A trav\u00e9s de direccionamiento estrat\u00e9gico y de gesti\u00f3n financiera, para aprender a tener mentalidad estrat\u00e9gica como parte de la cultura de la gerencia de valor, lo cual en palabras simples traduce, en saber a donde deber\u00eda ir la empresa, o lo que es, tener visi\u00f3n.<\/p>\n<p>[\/et_pb_text][\/et_pb_column][et_pb_column type=\u00bb1_3&#8243;][et_pb_text _builder_version=\u00bb3.0.89&#8243; text_font_size=\u00bb17px\u00bb text_text_color=\u00bb#e02b20&#8243; background_layout=\u00bblight\u00bb]<\/p>\n<p>Ideal para empresarios o compa\u00f1\u00edas que ya est\u00e9n valoradas y que quieran implementar estos indicadores para medir la gesti\u00f3n de empresa ante sus accionistas y empleados.<\/p>\n<p>[\/et_pb_text][\/et_pb_column][\/et_pb_row][et_pb_row _builder_version=\u00bb3.0.47&#8243; background_size=\u00bbinitial\u00bb background_position=\u00bbtop_left\u00bb background_repeat=\u00bbrepeat\u00bb][et_pb_column type=\u00bb4_4&#8243;][et_pb_divider color=\u00bb#dbdbdb\u00bb show_divider=\u00bbon\u00bb _builder_version=\u00bb3.0.89&#8243;]<\/p>\n<p>&nbsp;<\/p>\n<p>[\/et_pb_divider][\/et_pb_column][\/et_pb_row][et_pb_row _builder_version=\u00bb3.0.47&#8243; background_size=\u00bbinitial\u00bb background_position=\u00bbtop_left\u00bb background_repeat=\u00bbrepeat\u00bb][et_pb_column type=\u00bb2_3&#8243;][et_pb_text _builder_version=\u00bb3.0.89&#8243; background_layout=\u00bblight\u00bb]<\/p>\n<h2>Liquidaci\u00f3n de empresas a valor de reposici\u00f3n<\/h2>\n<p>Comprende la elaboraci\u00f3n de un documento re-expresando tanto activos como pasivos a valor neto de realizaci\u00f3n, de acuerdo a la ley.<\/p>\n<p>[\/et_pb_text][\/et_pb_column][et_pb_column type=\u00bb1_3&#8243;][et_pb_text _builder_version=\u00bb3.0.89&#8243; text_font_size=\u00bb17px\u00bb text_text_color=\u00bb#e02b20&#8243; background_layout=\u00bblight\u00bb]<\/p>\n<p>Ideal para empresas en disoluci\u00f3n o liquidaci\u00f3n debido a que no hay \u00e1nimo societario entre sus socios, en especial para empresas familiares.<\/p>\n<p>[\/et_pb_text][\/et_pb_column][\/et_pb_row][\/et_pb_section]<\/p>\n","protected":false},"excerpt":{"rendered":"<p>[et_pb_section bb_built=\u00bb1&#8243; _builder_version=\u00bb3.0.47&#8243;][et_pb_row _builder_version=\u00bb3.0.47&#8243; background_size=\u00bbinitial\u00bb background_position=\u00bbtop_left\u00bb background_repeat=\u00bbrepeat\u00bb][et_pb_column type=\u00bb2_3&#8243;][et_pb_text _builder_version=\u00bb3.0.89&#8243;] Acompa\u00f1amiento financiero, legal y tributario A empresarios, gerentes y juntas directivas de peque\u00f1as y medianas compa\u00f1\u00edas, incluyendo las de familia, que quieran migrar hacia la Gerencia de Valor (GDV). [\/et_pb_text][\/et_pb_column][et_pb_column type=\u00bb1_3&#8243;][et_pb_text _builder_version=\u00bb3.0.89&#8243; text_font_size=\u00bb17px\u00bb text_text_color=\u00bb#e02b20&#8243; background_layout=\u00bblight\u00bb] Ideal para empresas que no pueden tener un gerente financiero de [&hellip;]<\/p>\n","protected":false},"author":1,"featured_media":0,"parent":0,"menu_order":0,"comment_status":"closed","ping_status":"closed","template":"","meta":{"_et_pb_use_builder":"on","_et_pb_old_content":"","_et_gb_content_width":""},"_links":{"self":[{"href":"http:\/\/valorarteconsultoria.com\/web\/wp-json\/wp\/v2\/pages\/51"}],"collection":[{"href":"http:\/\/valorarteconsultoria.com\/web\/wp-json\/wp\/v2\/pages"}],"about":[{"href":"http:\/\/valorarteconsultoria.com\/web\/wp-json\/wp\/v2\/types\/page"}],"author":[{"embeddable":true,"href":"http:\/\/valorarteconsultoria.com\/web\/wp-json\/wp\/v2\/users\/1"}],"replies":[{"embeddable":true,"href":"http:\/\/valorarteconsultoria.com\/web\/wp-json\/wp\/v2\/comments?post=51"}],"version-history":[{"count":15,"href":"http:\/\/valorarteconsultoria.com\/web\/wp-json\/wp\/v2\/pages\/51\/revisions"}],"predecessor-version":[{"id":196,"href":"http:\/\/valorarteconsultoria.com\/web\/wp-json\/wp\/v2\/pages\/51\/revisions\/196"}],"wp:attachment":[{"href":"http:\/\/valorarteconsultoria.com\/web\/wp-json\/wp\/v2\/media?parent=51"}],"curies":[{"name":"wp","href":"https:\/\/api.w.org\/{rel}","templated":true}]}}