{"id":49,"date":"2018-01-08T15:06:35","date_gmt":"2018-01-08T15:06:35","guid":{"rendered":"http:\/\/valorarteconsultoria.com\/web\/?page_id=49"},"modified":"2018-02-13T23:16:30","modified_gmt":"2018-02-13T23:16:30","slug":"quienes-somos","status":"publish","type":"page","link":"http:\/\/valorarteconsultoria.com\/web\/quienes-somos\/","title":{"rendered":"Quienes Somos"},"content":{"rendered":"<p>[et_pb_section bb_built=\u00bb1&#8243; _builder_version=\u00bb3.0.47&#8243; custom_padding=\u00bb54px|0px|2px|0px\u00bb][et_pb_row custom_padding=\u00bb27px|0px|0px|0px\u00bb _builder_version=\u00bb3.0.47&#8243; background_size=\u00bbinitial\u00bb background_position=\u00bbtop_left\u00bb background_repeat=\u00bbrepeat\u00bb][et_pb_column type=\u00bb1_2&#8243;][et_pb_text _builder_version=\u00bb3.0.89&#8243; background_layout=\u00bblight\u00bb]<\/p>\n<h2><strong>Qui\u00e9nes Somos<\/strong><\/h2>\n<p>[\/et_pb_text][\/et_pb_column][et_pb_column type=\u00bb1_2&#8243;][et_pb_text _builder_version=\u00bb3.0.89&#8243; background_layout=\u00bblight\u00bb]<\/p>\n<h2><strong>Equipo<\/strong><\/h2>\n<p>[\/et_pb_text][\/et_pb_column][\/et_pb_row][\/et_pb_section][et_pb_section bb_built=\u00bb1&#8243; specialty=\u00bbon\u00bb _builder_version=\u00bb3.0.47&#8243; custom_padding=\u00bb0px|0px|0px|0px\u00bb][et_pb_column type=\u00bb1_2&#8243; specialty_columns=\u00bb2&#8243;][et_pb_row_inner admin_label=\u00bbFila\u00bb custom_padding=\u00bb4px|0px|29.6875px|0px\u00bb _builder_version=\u00bb3.0.47&#8243;][et_pb_column_inner type=\u00bb4_4&#8243; saved_specialty_column_type=\u00bb1_2&#8243;][et_pb_text _builder_version=\u00bb3.0.89&#8243;]<\/p>\n<h3>Visi\u00f3n<\/h3>\n<p style=\"text-align: justify;\">Queremos consolidar el liderazgo en los pr\u00f3ximos a\u00f1os, en el mercado nacional, acompa\u00f1ando a nuestros clientes, ofreci\u00e9ndoles productos financieros novedosos, metodolog\u00edas y sistemas de evaluaci\u00f3n en su uso y aplicaci\u00f3n, de tal manera que incrementen el patrimonio de sus propietarios, a la par con la tendencia mundial y la tecnolog\u00eda, para lo cual tendremos que desarrollar las competencias acordes, que nos permitan seguir siendo competitivos en lo que hacemos y proponemos.<\/p>\n<p>[\/et_pb_text][et_pb_text _builder_version=\u00bb3.0.89&#8243;]<\/p>\n<h3>Declaraci\u00f3n de valores<\/h3>\n<p style=\"text-align: justify;\">Debemos ser disciplinados, actuar con \u00e9tica y honestidad, ser creativos y trabajar en equipo, para hacer las cosas bien,\u00a0 para nuestros clientes, empleados, proveedores y socios.<\/p>\n<p>[\/et_pb_text][et_pb_image src=\u00bbhttp:\/\/valorarteconsultoria.com\/web\/wp-content\/uploads\/2018\/01\/velas.jpg\u00bb _builder_version=\u00bb3.0.89&#8243;]<\/p>\n<p>&nbsp;<\/p>\n<p>[\/et_pb_image][\/et_pb_column_inner][\/et_pb_row_inner][\/et_pb_column][et_pb_column type=\u00bb1_4&#8243;][et_pb_image src=\u00bbhttp:\/\/valorarteconsultoria.com\/web\/wp-content\/uploads\/2018\/01\/JCOsorio.jpg\u00bb _builder_version=\u00bb3.0.89&#8243;]<\/p>\n<p>&nbsp;<\/p>\n<p>[\/et_pb_image][et_pb_text _builder_version=\u00bb3.0.89&#8243; background_layout=\u00bblight\u00bb]<\/p>\n<p style=\"text-align: justify;\"><strong>Juan Carlos Osorio<\/strong>.<\/p>\n<p style=\"text-align: justify;\">Socio fundador. M.B.A. New Hampshire University, NH (USA) Administrador de Empresas, Diplomado &#8211; Center for Creative Leadreship, NC (USA), Sistemas &#8211; Babson Collegue, Mass (USA).<\/p>\n<p>[\/et_pb_text][\/et_pb_column][et_pb_column type=\u00bb1_4&#8243;][et_pb_text _builder_version=\u00bb3.0.89&#8243; background_layout=\u00bblight\u00bb]<\/p>\n<p style=\"text-align: justify;\">M\u00e1s de 25 a\u00f1os de experiencia en el \u00e1rea financiera de multinacionales como\u00a0 Good Year, Sonoco Products, Johnson &amp; Johnson, Pfizer (Chiclets Adams, Consumer Health Care, Park Davis y Schick), Kraft Foods y como Gerente General de Banca y Valores S.A., analizando m\u00e1s de 100 compa\u00f1\u00edas.<\/p>\n<p style=\"text-align: justify;\"><strong>El otro equipo<\/strong> <strong>de colaboradores<\/strong> est\u00e1 conformado por expertos tributaristas para apoyar todo el tema impositivo y de abogados, para apoyar los temas legal y jur\u00eddico.<\/p>\n<p>[\/et_pb_text][\/et_pb_column][\/et_pb_section]<\/p>\n","protected":false},"excerpt":{"rendered":"<p>[et_pb_section bb_built=\u00bb1&#8243; _builder_version=\u00bb3.0.47&#8243; custom_padding=\u00bb54px|0px|2px|0px\u00bb][et_pb_row custom_padding=\u00bb27px|0px|0px|0px\u00bb _builder_version=\u00bb3.0.47&#8243; background_size=\u00bbinitial\u00bb background_position=\u00bbtop_left\u00bb background_repeat=\u00bbrepeat\u00bb][et_pb_column type=\u00bb1_2&#8243;][et_pb_text _builder_version=\u00bb3.0.89&#8243; background_layout=\u00bblight\u00bb] Qui\u00e9nes Somos [\/et_pb_text][\/et_pb_column][et_pb_column type=\u00bb1_2&#8243;][et_pb_text _builder_version=\u00bb3.0.89&#8243; background_layout=\u00bblight\u00bb] Equipo [\/et_pb_text][\/et_pb_column][\/et_pb_row][\/et_pb_section][et_pb_section bb_built=\u00bb1&#8243; specialty=\u00bbon\u00bb _builder_version=\u00bb3.0.47&#8243; custom_padding=\u00bb0px|0px|0px|0px\u00bb][et_pb_column type=\u00bb1_2&#8243; specialty_columns=\u00bb2&#8243;][et_pb_row_inner admin_label=\u00bbFila\u00bb custom_padding=\u00bb4px|0px|29.6875px|0px\u00bb _builder_version=\u00bb3.0.47&#8243;][et_pb_column_inner type=\u00bb4_4&#8243; saved_specialty_column_type=\u00bb1_2&#8243;][et_pb_text _builder_version=\u00bb3.0.89&#8243;] Visi\u00f3n Queremos consolidar el liderazgo en los pr\u00f3ximos a\u00f1os, en el mercado nacional, acompa\u00f1ando a nuestros clientes, ofreci\u00e9ndoles productos financieros novedosos, metodolog\u00edas y [&hellip;]<\/p>\n","protected":false},"author":1,"featured_media":0,"parent":0,"menu_order":0,"comment_status":"closed","ping_status":"closed","template":"","meta":{"_et_pb_use_builder":"on","_et_pb_old_content":"","_et_gb_content_width":""},"_links":{"self":[{"href":"http:\/\/valorarteconsultoria.com\/web\/wp-json\/wp\/v2\/pages\/49"}],"collection":[{"href":"http:\/\/valorarteconsultoria.com\/web\/wp-json\/wp\/v2\/pages"}],"about":[{"href":"http:\/\/valorarteconsultoria.com\/web\/wp-json\/wp\/v2\/types\/page"}],"author":[{"embeddable":true,"href":"http:\/\/valorarteconsultoria.com\/web\/wp-json\/wp\/v2\/users\/1"}],"replies":[{"embeddable":true,"href":"http:\/\/valorarteconsultoria.com\/web\/wp-json\/wp\/v2\/comments?post=49"}],"version-history":[{"count":16,"href":"http:\/\/valorarteconsultoria.com\/web\/wp-json\/wp\/v2\/pages\/49\/revisions"}],"predecessor-version":[{"id":200,"href":"http:\/\/valorarteconsultoria.com\/web\/wp-json\/wp\/v2\/pages\/49\/revisions\/200"}],"wp:attachment":[{"href":"http:\/\/valorarteconsultoria.com\/web\/wp-json\/wp\/v2\/media?parent=49"}],"curies":[{"name":"wp","href":"https:\/\/api.w.org\/{rel}","templated":true}]}}