{"id":47,"date":"2018-01-08T15:00:14","date_gmt":"2018-01-08T15:00:14","guid":{"rendered":"http:\/\/valorarteconsultoria.com\/web\/?page_id=47"},"modified":"2018-02-13T23:14:26","modified_gmt":"2018-02-13T23:14:26","slug":"carta-de-bienvenida","status":"publish","type":"page","link":"http:\/\/valorarteconsultoria.com\/web\/carta-de-bienvenida\/","title":{"rendered":"Carta de Bienvenida"},"content":{"rendered":"<p>[et_pb_section bb_built=\u00bb1&#8243; _builder_version=\u00bb3.0.47&#8243; custom_padding=\u00bb15px|0px|54px|0px\u00bb][et_pb_row][et_pb_column type=\u00bb4_4&#8243;][et_pb_text _builder_version=\u00bb3.0.89&#8243; background_layout=\u00bblight\u00bb]<\/p>\n<h1>ValorArte<\/h1>\n<p><span style=\"color: #ff0000;\">El arte de agregar valor<\/span><br \/>\nConsultor\u00eda financiera &#8211; Banca de Inversi\u00f3n &#8211; Bonos de Carbono<br \/>\n<strong>Bienvenidos<\/strong><\/p>\n<p>[\/et_pb_text][\/et_pb_column][\/et_pb_row][et_pb_row _builder_version=\u00bb3.0.47&#8243; background_size=\u00bbinitial\u00bb background_position=\u00bbtop_left\u00bb background_repeat=\u00bbrepeat\u00bb][et_pb_column type=\u00bb1_2&#8243;][et_pb_text _builder_version=\u00bb3.0.89&#8243; background_layout=\u00bblight\u00bb]<\/p>\n<p style=\"text-align: justify;\">El haber trabajado por veinte a\u00f1os en las mejores compa\u00f1\u00edas multinacionales me ense\u00f1aron a mirar las finanzas desde otra arista. Palabras como disciplina, control, seguimiento, estrategia, an\u00e1lisis, norma, y \u00e9tica, describen a estas compa\u00f1\u00edas y han sido, desde mi perspectiva, \u00a0factores determinantes, para ser exitosas en lo que hacen.<\/p>\n<p style=\"text-align: justify;\">Por contraste, los \u00faltimos seis a\u00f1os de mi vida, por mis manos pasaron los estados financieros de m\u00e1s de cien (100) empresas colombianas, entre peque\u00f1as, medianas y de familia, donde en una gran mayor\u00eda, el com\u00fan denominador ha sido, manipulaci\u00f3n, desinformaci\u00f3n, desconocimiento, falta de mentalidad estrat\u00e9gica y en general falta de \u00e9tica, factores estos que muestran los pobres resultados de estas empresas, y que se refleja en competitividad de la industria colombiana. Desafortunadamente, se evidencia que personal clave como contadores, tesoreros y revisores fiscales, adolecen de las competencias necesarias para apoyar a la gerencia y a sus propietarios, en la conducci\u00f3n de sus empresas.<\/p>\n<p style=\"text-align: justify;\">Gran parte del problema radica en que la contabilidad es una herramienta deficiente, y se queda corta, pues no dice nada de la capacidad de la empresa para cumplir sus compromisos venideros en materia de inversi\u00f3n, de pago de pasivos y cancelaci\u00f3n de impuestos, de incremento en capital de trabajo, y reparto de dividendos, aun cuando el resultado haya sido positivo en su estado de p\u00e9rdidas y ganancias. Es por\u00a0 esto, que existe una gran tendencia a incrementar a cambio, el uso de flujo de fondos, utilizando las t\u00e9cnicas de flujo de fondos descontados, en especial las del valor presente neto (VPN) y utilizar cada vez menos los estados contables tradicionales.<u><\/u><\/p>\n<p>[\/et_pb_text][\/et_pb_column][et_pb_column type=\u00bb1_2&#8243;][et_pb_text _builder_version=\u00bb3.0.89&#8243; background_layout=\u00bblight\u00bb]<\/p>\n<p style=\"text-align: justify;\">Habiendo visto las dos caras de la moneda, me queda como misi\u00f3n y la de mis colaboradores, la de ense\u00f1ar, educar, concientizar y disciplinar a estas empresas, a trav\u00e9s de su capital humano, y propender por un mejor futuro para ellos.<\/p>\n<p style=\"text-align: justify;\">Es por ello, que nos enfocamos en asesorar y acompa\u00f1ar las empresas, a sus due\u00f1os, gerentes generales, juntas directivas y accionistas, desde la perspectiva del futuro, como lo es, la Gerencia del Valor (GDV) con sus indicadores y dem\u00e1s, y dejar a un lado los an\u00e1lisis basados en la contabilidad, debido a que es historia, est\u00e1 cuestionada y no refleja la realidad de las empresas, para lograr as\u00ed incrementar el patrimonio de sus propietarios, objetivo de toda compa\u00f1\u00eda.<\/p>\n<p style=\"text-align: justify;\">Indicadores, inductores y sistemas de evaluaci\u00f3n como Ebitda, PKT, FCL, EVA y MVA entre otros, ser\u00e1n el com\u00fan denominador de aqu\u00ed en adelante.<\/p>\n<p style=\"text-align: justify;\">Bienvenidos a este sitio, al del conocimiento que genera valor.<\/p>\n<p style=\"text-align: justify;\">Juan Carlos Osorio Ante<u><\/u><\/p>\n<p>[\/et_pb_text][\/et_pb_column][\/et_pb_row][\/et_pb_section]<\/p>\n","protected":false},"excerpt":{"rendered":"<p>[et_pb_section bb_built=\u00bb1&#8243; _builder_version=\u00bb3.0.47&#8243; custom_padding=\u00bb15px|0px|54px|0px\u00bb][et_pb_row][et_pb_column type=\u00bb4_4&#8243;][et_pb_text _builder_version=\u00bb3.0.89&#8243; background_layout=\u00bblight\u00bb] ValorArte El arte de agregar valor Consultor\u00eda financiera &#8211; Banca de Inversi\u00f3n &#8211; Bonos de Carbono Bienvenidos [\/et_pb_text][\/et_pb_column][\/et_pb_row][et_pb_row _builder_version=\u00bb3.0.47&#8243; background_size=\u00bbinitial\u00bb background_position=\u00bbtop_left\u00bb background_repeat=\u00bbrepeat\u00bb][et_pb_column type=\u00bb1_2&#8243;][et_pb_text _builder_version=\u00bb3.0.89&#8243; background_layout=\u00bblight\u00bb] El haber trabajado por veinte a\u00f1os en las mejores compa\u00f1\u00edas multinacionales me ense\u00f1aron a mirar las finanzas desde otra arista. Palabras como disciplina, [&hellip;]<\/p>\n","protected":false},"author":1,"featured_media":0,"parent":0,"menu_order":0,"comment_status":"closed","ping_status":"closed","template":"","meta":{"_et_pb_use_builder":"on","_et_pb_old_content":"","_et_gb_content_width":""},"_links":{"self":[{"href":"http:\/\/valorarteconsultoria.com\/web\/wp-json\/wp\/v2\/pages\/47"}],"collection":[{"href":"http:\/\/valorarteconsultoria.com\/web\/wp-json\/wp\/v2\/pages"}],"about":[{"href":"http:\/\/valorarteconsultoria.com\/web\/wp-json\/wp\/v2\/types\/page"}],"author":[{"embeddable":true,"href":"http:\/\/valorarteconsultoria.com\/web\/wp-json\/wp\/v2\/users\/1"}],"replies":[{"embeddable":true,"href":"http:\/\/valorarteconsultoria.com\/web\/wp-json\/wp\/v2\/comments?post=47"}],"version-history":[{"count":8,"href":"http:\/\/valorarteconsultoria.com\/web\/wp-json\/wp\/v2\/pages\/47\/revisions"}],"predecessor-version":[{"id":199,"href":"http:\/\/valorarteconsultoria.com\/web\/wp-json\/wp\/v2\/pages\/47\/revisions\/199"}],"wp:attachment":[{"href":"http:\/\/valorarteconsultoria.com\/web\/wp-json\/wp\/v2\/media?parent=47"}],"curies":[{"name":"wp","href":"https:\/\/api.w.org\/{rel}","templated":true}]}}